{"id":1053,"date":"2018-07-19T16:20:45","date_gmt":"2018-07-19T14:20:45","guid":{"rendered":"https:\/\/inducomp.pl\/uslugi\/"},"modified":"2018-12-11T16:28:16","modified_gmt":"2018-12-11T15:28:16","slug":"services","status":"publish","type":"page","link":"https:\/\/inducomp.pl\/en\/services\/","title":{"rendered":"Services"},"content":{"rendered":"","protected":false},"excerpt":{"rendered":"","protected":false},"author":1,"featured_media":0,"parent":0,"menu_order":0,"comment_status":"closed","ping_status":"closed","template":"services.php","meta":[],"yoast_head":"<!-- This site is optimized with the Yoast SEO plugin v17.0 - https:\/\/yoast.com\/wordpress\/plugins\/seo\/ -->\n<title>Services - Inducomp<\/title>\n<meta name=\"robots\" content=\"index, follow, max-snippet:-1, max-image-preview:large, max-video-preview:-1\" \/>\n<link rel=\"canonical\" href=\"https:\/\/inducomp.pl\/en\/services\/\" \/>\n<meta property=\"og:locale\" content=\"en_US\" \/>\n<meta property=\"og:type\" content=\"article\" \/>\n<meta property=\"og:title\" content=\"Services - Inducomp\" \/>\n<meta property=\"og:url\" content=\"https:\/\/inducomp.pl\/en\/services\/\" \/>\n<meta property=\"og:site_name\" content=\"Inducomp | Industrial Components\" \/>\n<meta property=\"article:modified_time\" content=\"2018-12-11T15:28:16+00:00\" \/>\n<meta name=\"twitter:card\" content=\"summary_large_image\" \/>\n<script type=\"application\/ld+json\" class=\"yoast-schema-graph\">{\"@context\":\"https:\/\/schema.org\",\"@graph\":[{\"@type\":\"WebSite\",\"@id\":\"https:\/\/inducomp.pl\/#website\",\"url\":\"https:\/\/inducomp.pl\/\",\"name\":\"Inducomp | Industrial Components\",\"description\":\"Jeste\\u015bmy konwerterem i dystrybutorem specjalistycznych ta\\u015bm monta\\u017cowych, folii, laminat\\u00f3w oraz dystrybutorem komponent\\u00f3w dla wielu ga\\u0142\\u0119zi przemys\\u0142u. Specjalizujemy si\\u0119 w us\\u0142ugach szpulowania, wykrawania ( wykroje typu die-cut, kiss-cut i z finger liftem), ci\\u0119cia, przewijania, wst\\u0119pnego monta\\u017cu, laminowania i arkuszowania. \\u015awiadczymy r\\u00f3wnie\\u017c us\\u0142ugi z zakresu projektowania i test\\u00f3w dla naszych klient\\u00f3w. Oferujemy produkty i us\\u0142ugi dla firm z sektora motoryzacyjnego, transportu masowego, budownictwa, reklamy, elektroniki, meblowego oraz AGD.\",\"potentialAction\":[{\"@type\":\"SearchAction\",\"target\":{\"@type\":\"EntryPoint\",\"urlTemplate\":\"https:\/\/inducomp.pl\/?s={search_term_string}\"},\"query-input\":\"required name=search_term_string\"}],\"inLanguage\":\"en-US\"},{\"@type\":\"WebPage\",\"@id\":\"https:\/\/inducomp.pl\/en\/services\/#webpage\",\"url\":\"https:\/\/inducomp.pl\/en\/services\/\",\"name\":\"Services - Inducomp\",\"isPartOf\":{\"@id\":\"https:\/\/inducomp.pl\/#website\"},\"datePublished\":\"2018-07-19T14:20:45+00:00\",\"dateModified\":\"2018-12-11T15:28:16+00:00\",\"breadcrumb\":{\"@id\":\"https:\/\/inducomp.pl\/en\/services\/#breadcrumb\"},\"inLanguage\":\"en-US\",\"potentialAction\":[{\"@type\":\"ReadAction\",\"target\":[\"https:\/\/inducomp.pl\/en\/services\/\"]}]},{\"@type\":\"BreadcrumbList\",\"@id\":\"https:\/\/inducomp.pl\/en\/services\/#breadcrumb\",\"itemListElement\":[{\"@type\":\"ListItem\",\"position\":1,\"name\":\"Strona g\\u0142\\u00f3wna\",\"item\":\"https:\/\/inducomp.pl\/en\/\"},{\"@type\":\"ListItem\",\"position\":2,\"name\":\"Services\"}]}]}<\/script>\n<!-- \/ Yoast SEO plugin. -->","yoast_head_json":{"title":"Services - Inducomp","robots":{"index":"index","follow":"follow","max-snippet":"max-snippet:-1","max-image-preview":"max-image-preview:large","max-video-preview":"max-video-preview:-1"},"canonical":"https:\/\/inducomp.pl\/en\/services\/","og_locale":"en_US","og_type":"article","og_title":"Services - Inducomp","og_url":"https:\/\/inducomp.pl\/en\/services\/","og_site_name":"Inducomp | Industrial Components","article_modified_time":"2018-12-11T15:28:16+00:00","twitter_card":"summary_large_image","schema":{"@context":"https:\/\/schema.org","@graph":[{"@type":"WebSite","@id":"https:\/\/inducomp.pl\/#website","url":"https:\/\/inducomp.pl\/","name":"Inducomp | Industrial Components","description":"Jeste\u015bmy konwerterem i dystrybutorem specjalistycznych ta\u015bm monta\u017cowych, folii, laminat\u00f3w oraz dystrybutorem komponent\u00f3w dla wielu ga\u0142\u0119zi przemys\u0142u. Specjalizujemy si\u0119 w us\u0142ugach szpulowania, wykrawania ( wykroje typu die-cut, kiss-cut i z finger liftem), ci\u0119cia, przewijania, wst\u0119pnego monta\u017cu, laminowania i arkuszowania. \u015awiadczymy r\u00f3wnie\u017c us\u0142ugi z zakresu projektowania i test\u00f3w dla naszych klient\u00f3w. Oferujemy produkty i us\u0142ugi dla firm z sektora motoryzacyjnego, transportu masowego, budownictwa, reklamy, elektroniki, meblowego oraz AGD.","potentialAction":[{"@type":"SearchAction","target":{"@type":"EntryPoint","urlTemplate":"https:\/\/inducomp.pl\/?s={search_term_string}"},"query-input":"required name=search_term_string"}],"inLanguage":"en-US"},{"@type":"WebPage","@id":"https:\/\/inducomp.pl\/en\/services\/#webpage","url":"https:\/\/inducomp.pl\/en\/services\/","name":"Services - Inducomp","isPartOf":{"@id":"https:\/\/inducomp.pl\/#website"},"datePublished":"2018-07-19T14:20:45+00:00","dateModified":"2018-12-11T15:28:16+00:00","breadcrumb":{"@id":"https:\/\/inducomp.pl\/en\/services\/#breadcrumb"},"inLanguage":"en-US","potentialAction":[{"@type":"ReadAction","target":["https:\/\/inducomp.pl\/en\/services\/"]}]},{"@type":"BreadcrumbList","@id":"https:\/\/inducomp.pl\/en\/services\/#breadcrumb","itemListElement":[{"@type":"ListItem","position":1,"name":"Strona g\u0142\u00f3wna","item":"https:\/\/inducomp.pl\/en\/"},{"@type":"ListItem","position":2,"name":"Services"}]}]}},"_links":{"self":[{"href":"https:\/\/inducomp.pl\/en\/wp-json\/wp\/v2\/pages\/1053"}],"collection":[{"href":"https:\/\/inducomp.pl\/en\/wp-json\/wp\/v2\/pages"}],"about":[{"href":"https:\/\/inducomp.pl\/en\/wp-json\/wp\/v2\/types\/page"}],"author":[{"embeddable":true,"href":"https:\/\/inducomp.pl\/en\/wp-json\/wp\/v2\/users\/1"}],"replies":[{"embeddable":true,"href":"https:\/\/inducomp.pl\/en\/wp-json\/wp\/v2\/comments?post=1053"}],"version-history":[{"count":6,"href":"https:\/\/inducomp.pl\/en\/wp-json\/wp\/v2\/pages\/1053\/revisions"}],"predecessor-version":[{"id":1141,"href":"https:\/\/inducomp.pl\/en\/wp-json\/wp\/v2\/pages\/1053\/revisions\/1141"}],"wp:attachment":[{"href":"https:\/\/inducomp.pl\/en\/wp-json\/wp\/v2\/media?parent=1053"}],"curies":[{"name":"wp","href":"https:\/\/api.w.org\/{rel}","templated":true}]}}