{"id":1041,"date":"2018-07-19T14:15:05","date_gmt":"2018-07-19T12:15:05","guid":{"rendered":"https:\/\/inducomp.pl\/strona-glowna\/"},"modified":"2025-05-23T12:12:21","modified_gmt":"2025-05-23T10:12:21","slug":"strona-glowna","status":"publish","type":"page","link":"https:\/\/inducomp.pl\/en\/","title":{"rendered":"Homepage"},"content":{"rendered":"","protected":false},"excerpt":{"rendered":"","protected":false},"author":1,"featured_media":0,"parent":0,"menu_order":0,"comment_status":"closed","ping_status":"closed","template":"index.php","meta":[],"yoast_head":"<!-- This site is optimized with the Yoast SEO plugin v17.0 - https:\/\/yoast.com\/wordpress\/plugins\/seo\/ -->\n<title>Dystrybutor ta\u015bm przemys\u0142owych 3M - Inducomp<\/title>\n<meta name=\"robots\" content=\"index, follow, max-snippet:-1, max-image-preview:large, max-video-preview:-1\" \/>\n<link rel=\"canonical\" href=\"https:\/\/inducomp.pl\/en\/\" \/>\n<meta property=\"og:locale\" content=\"en_US\" \/>\n<meta property=\"og:type\" content=\"article\" \/>\n<meta property=\"og:title\" content=\"Dystrybutor ta\u015bm przemys\u0142owych 3M - Inducomp\" \/>\n<meta property=\"og:url\" content=\"https:\/\/inducomp.pl\/en\/\" \/>\n<meta property=\"og:site_name\" content=\"Inducomp | Industrial Components\" \/>\n<meta property=\"article:modified_time\" content=\"2025-05-23T10:12:21+00:00\" \/>\n<meta name=\"twitter:card\" content=\"summary_large_image\" \/>\n<script type=\"application\/ld+json\" class=\"yoast-schema-graph\">{\"@context\":\"https:\/\/schema.org\",\"@graph\":[{\"@type\":\"WebSite\",\"@id\":\"https:\/\/inducomp.pl\/#website\",\"url\":\"https:\/\/inducomp.pl\/\",\"name\":\"Inducomp | Industrial Components\",\"description\":\"Jeste\\u015bmy konwerterem i dystrybutorem specjalistycznych ta\\u015bm monta\\u017cowych, folii, laminat\\u00f3w oraz dystrybutorem komponent\\u00f3w dla wielu ga\\u0142\\u0119zi przemys\\u0142u. Specjalizujemy si\\u0119 w us\\u0142ugach szpulowania, wykrawania ( wykroje typu die-cut, kiss-cut i z finger liftem), ci\\u0119cia, przewijania, wst\\u0119pnego monta\\u017cu, laminowania i arkuszowania. \\u015awiadczymy r\\u00f3wnie\\u017c us\\u0142ugi z zakresu projektowania i test\\u00f3w dla naszych klient\\u00f3w. Oferujemy produkty i us\\u0142ugi dla firm z sektora motoryzacyjnego, transportu masowego, budownictwa, reklamy, elektroniki, meblowego oraz AGD.\",\"potentialAction\":[{\"@type\":\"SearchAction\",\"target\":{\"@type\":\"EntryPoint\",\"urlTemplate\":\"https:\/\/inducomp.pl\/?s={search_term_string}\"},\"query-input\":\"required name=search_term_string\"}],\"inLanguage\":\"en-US\"},{\"@type\":\"WebPage\",\"@id\":\"https:\/\/inducomp.pl\/en\/#webpage\",\"url\":\"https:\/\/inducomp.pl\/en\/\",\"name\":\"Dystrybutor ta\\u015bm przemys\\u0142owych 3M - Inducomp\",\"isPartOf\":{\"@id\":\"https:\/\/inducomp.pl\/#website\"},\"datePublished\":\"2018-07-19T12:15:05+00:00\",\"dateModified\":\"2025-05-23T10:12:21+00:00\",\"breadcrumb\":{\"@id\":\"https:\/\/inducomp.pl\/en\/#breadcrumb\"},\"inLanguage\":\"en-US\",\"potentialAction\":[{\"@type\":\"ReadAction\",\"target\":[\"https:\/\/inducomp.pl\/en\/\"]}]},{\"@type\":\"BreadcrumbList\",\"@id\":\"https:\/\/inducomp.pl\/en\/#breadcrumb\",\"itemListElement\":[{\"@type\":\"ListItem\",\"position\":1,\"name\":\"Strona g\\u0142\\u00f3wna\",\"item\":\"https:\/\/inducomp.pl\/en\/\"},{\"@type\":\"ListItem\",\"position\":2,\"name\":\"Homepage\"}]}]}<\/script>\n<!-- \/ Yoast SEO plugin. -->","yoast_head_json":{"title":"Dystrybutor ta\u015bm przemys\u0142owych 3M - Inducomp","robots":{"index":"index","follow":"follow","max-snippet":"max-snippet:-1","max-image-preview":"max-image-preview:large","max-video-preview":"max-video-preview:-1"},"canonical":"https:\/\/inducomp.pl\/en\/","og_locale":"en_US","og_type":"article","og_title":"Dystrybutor ta\u015bm przemys\u0142owych 3M - Inducomp","og_url":"https:\/\/inducomp.pl\/en\/","og_site_name":"Inducomp | Industrial Components","article_modified_time":"2025-05-23T10:12:21+00:00","twitter_card":"summary_large_image","schema":{"@context":"https:\/\/schema.org","@graph":[{"@type":"WebSite","@id":"https:\/\/inducomp.pl\/#website","url":"https:\/\/inducomp.pl\/","name":"Inducomp | Industrial Components","description":"Jeste\u015bmy konwerterem i dystrybutorem specjalistycznych ta\u015bm monta\u017cowych, folii, laminat\u00f3w oraz dystrybutorem komponent\u00f3w dla wielu ga\u0142\u0119zi przemys\u0142u. Specjalizujemy si\u0119 w us\u0142ugach szpulowania, wykrawania ( wykroje typu die-cut, kiss-cut i z finger liftem), ci\u0119cia, przewijania, wst\u0119pnego monta\u017cu, laminowania i arkuszowania. \u015awiadczymy r\u00f3wnie\u017c us\u0142ugi z zakresu projektowania i test\u00f3w dla naszych klient\u00f3w. Oferujemy produkty i us\u0142ugi dla firm z sektora motoryzacyjnego, transportu masowego, budownictwa, reklamy, elektroniki, meblowego oraz AGD.","potentialAction":[{"@type":"SearchAction","target":{"@type":"EntryPoint","urlTemplate":"https:\/\/inducomp.pl\/?s={search_term_string}"},"query-input":"required name=search_term_string"}],"inLanguage":"en-US"},{"@type":"WebPage","@id":"https:\/\/inducomp.pl\/en\/#webpage","url":"https:\/\/inducomp.pl\/en\/","name":"Dystrybutor ta\u015bm przemys\u0142owych 3M - Inducomp","isPartOf":{"@id":"https:\/\/inducomp.pl\/#website"},"datePublished":"2018-07-19T12:15:05+00:00","dateModified":"2025-05-23T10:12:21+00:00","breadcrumb":{"@id":"https:\/\/inducomp.pl\/en\/#breadcrumb"},"inLanguage":"en-US","potentialAction":[{"@type":"ReadAction","target":["https:\/\/inducomp.pl\/en\/"]}]},{"@type":"BreadcrumbList","@id":"https:\/\/inducomp.pl\/en\/#breadcrumb","itemListElement":[{"@type":"ListItem","position":1,"name":"Strona g\u0142\u00f3wna","item":"https:\/\/inducomp.pl\/en\/"},{"@type":"ListItem","position":2,"name":"Homepage"}]}]}},"_links":{"self":[{"href":"https:\/\/inducomp.pl\/en\/wp-json\/wp\/v2\/pages\/1041"}],"collection":[{"href":"https:\/\/inducomp.pl\/en\/wp-json\/wp\/v2\/pages"}],"about":[{"href":"https:\/\/inducomp.pl\/en\/wp-json\/wp\/v2\/types\/page"}],"author":[{"embeddable":true,"href":"https:\/\/inducomp.pl\/en\/wp-json\/wp\/v2\/users\/1"}],"replies":[{"embeddable":true,"href":"https:\/\/inducomp.pl\/en\/wp-json\/wp\/v2\/comments?post=1041"}],"version-history":[{"count":14,"href":"https:\/\/inducomp.pl\/en\/wp-json\/wp\/v2\/pages\/1041\/revisions"}],"predecessor-version":[{"id":3062,"href":"https:\/\/inducomp.pl\/en\/wp-json\/wp\/v2\/pages\/1041\/revisions\/3062"}],"wp:attachment":[{"href":"https:\/\/inducomp.pl\/en\/wp-json\/wp\/v2\/media?parent=1041"}],"curies":[{"name":"wp","href":"https:\/\/api.w.org\/{rel}","templated":true}]}}