{"id":1245,"date":"2019-02-14T14:57:52","date_gmt":"2019-02-14T13:57:52","guid":{"rendered":"https:\/\/inducomp.pl\/?page_id=1245"},"modified":"2025-05-23T11:23:52","modified_gmt":"2025-05-23T09:23:52","slug":"unternehmen","status":"publish","type":"page","link":"https:\/\/inducomp.pl\/de\/unternehmen\/","title":{"rendered":"Unternehmen"},"content":{"rendered":"","protected":false},"excerpt":{"rendered":"","protected":false},"author":1,"featured_media":0,"parent":0,"menu_order":0,"comment_status":"closed","ping_status":"closed","template":"company.php","meta":[],"yoast_head":"<!-- This site is optimized with the Yoast SEO plugin v17.0 - https:\/\/yoast.com\/wordpress\/plugins\/seo\/ -->\n<title>nach Ma\u00df - Inducomp<\/title>\n<meta name=\"robots\" content=\"index, follow, max-snippet:-1, max-image-preview:large, max-video-preview:-1\" \/>\n<link rel=\"canonical\" href=\"https:\/\/inducomp.pl\/de\/unternehmen\/\" \/>\n<meta property=\"og:locale\" content=\"de_DE\" \/>\n<meta property=\"og:type\" content=\"article\" \/>\n<meta property=\"og:title\" content=\"nach Ma\u00df - Inducomp\" \/>\n<meta property=\"og:url\" content=\"https:\/\/inducomp.pl\/de\/unternehmen\/\" \/>\n<meta property=\"og:site_name\" content=\"Inducomp | Industrial Components\" \/>\n<meta property=\"article:modified_time\" content=\"2025-05-23T09:23:52+00:00\" \/>\n<meta name=\"twitter:card\" content=\"summary_large_image\" \/>\n<script type=\"application\/ld+json\" class=\"yoast-schema-graph\">{\"@context\":\"https:\/\/schema.org\",\"@graph\":[{\"@type\":\"WebSite\",\"@id\":\"https:\/\/inducomp.pl\/#website\",\"url\":\"https:\/\/inducomp.pl\/\",\"name\":\"Inducomp | Industrial Components\",\"description\":\"Jeste\\u015bmy konwerterem i dystrybutorem specjalistycznych ta\\u015bm monta\\u017cowych, folii, laminat\\u00f3w oraz dystrybutorem komponent\\u00f3w dla wielu ga\\u0142\\u0119zi przemys\\u0142u. Specjalizujemy si\\u0119 w us\\u0142ugach szpulowania, wykrawania ( wykroje typu die-cut, kiss-cut i z finger liftem), ci\\u0119cia, przewijania, wst\\u0119pnego monta\\u017cu, laminowania i arkuszowania. \\u015awiadczymy r\\u00f3wnie\\u017c us\\u0142ugi z zakresu projektowania i test\\u00f3w dla naszych klient\\u00f3w. Oferujemy produkty i us\\u0142ugi dla firm z sektora motoryzacyjnego, transportu masowego, budownictwa, reklamy, elektroniki, meblowego oraz AGD.\",\"potentialAction\":[{\"@type\":\"SearchAction\",\"target\":{\"@type\":\"EntryPoint\",\"urlTemplate\":\"https:\/\/inducomp.pl\/?s={search_term_string}\"},\"query-input\":\"required name=search_term_string\"}],\"inLanguage\":\"de-DE\"},{\"@type\":\"WebPage\",\"@id\":\"https:\/\/inducomp.pl\/de\/unternehmen\/#webpage\",\"url\":\"https:\/\/inducomp.pl\/de\/unternehmen\/\",\"name\":\"nach Ma\\u00df - Inducomp\",\"isPartOf\":{\"@id\":\"https:\/\/inducomp.pl\/#website\"},\"datePublished\":\"2019-02-14T13:57:52+00:00\",\"dateModified\":\"2025-05-23T09:23:52+00:00\",\"breadcrumb\":{\"@id\":\"https:\/\/inducomp.pl\/de\/unternehmen\/#breadcrumb\"},\"inLanguage\":\"de-DE\",\"potentialAction\":[{\"@type\":\"ReadAction\",\"target\":[\"https:\/\/inducomp.pl\/de\/unternehmen\/\"]}]},{\"@type\":\"BreadcrumbList\",\"@id\":\"https:\/\/inducomp.pl\/de\/unternehmen\/#breadcrumb\",\"itemListElement\":[{\"@type\":\"ListItem\",\"position\":1,\"name\":\"Strona g\\u0142\\u00f3wna\",\"item\":\"https:\/\/inducomp.pl\/de\/\"},{\"@type\":\"ListItem\",\"position\":2,\"name\":\"Unternehmen\"}]}]}<\/script>\n<!-- \/ Yoast SEO plugin. -->","yoast_head_json":{"title":"nach Ma\u00df - Inducomp","robots":{"index":"index","follow":"follow","max-snippet":"max-snippet:-1","max-image-preview":"max-image-preview:large","max-video-preview":"max-video-preview:-1"},"canonical":"https:\/\/inducomp.pl\/de\/unternehmen\/","og_locale":"de_DE","og_type":"article","og_title":"nach Ma\u00df - Inducomp","og_url":"https:\/\/inducomp.pl\/de\/unternehmen\/","og_site_name":"Inducomp | Industrial Components","article_modified_time":"2025-05-23T09:23:52+00:00","twitter_card":"summary_large_image","schema":{"@context":"https:\/\/schema.org","@graph":[{"@type":"WebSite","@id":"https:\/\/inducomp.pl\/#website","url":"https:\/\/inducomp.pl\/","name":"Inducomp | Industrial Components","description":"Jeste\u015bmy konwerterem i dystrybutorem specjalistycznych ta\u015bm monta\u017cowych, folii, laminat\u00f3w oraz dystrybutorem komponent\u00f3w dla wielu ga\u0142\u0119zi przemys\u0142u. Specjalizujemy si\u0119 w us\u0142ugach szpulowania, wykrawania ( wykroje typu die-cut, kiss-cut i z finger liftem), ci\u0119cia, przewijania, wst\u0119pnego monta\u017cu, laminowania i arkuszowania. \u015awiadczymy r\u00f3wnie\u017c us\u0142ugi z zakresu projektowania i test\u00f3w dla naszych klient\u00f3w. Oferujemy produkty i us\u0142ugi dla firm z sektora motoryzacyjnego, transportu masowego, budownictwa, reklamy, elektroniki, meblowego oraz AGD.","potentialAction":[{"@type":"SearchAction","target":{"@type":"EntryPoint","urlTemplate":"https:\/\/inducomp.pl\/?s={search_term_string}"},"query-input":"required name=search_term_string"}],"inLanguage":"de-DE"},{"@type":"WebPage","@id":"https:\/\/inducomp.pl\/de\/unternehmen\/#webpage","url":"https:\/\/inducomp.pl\/de\/unternehmen\/","name":"nach Ma\u00df - Inducomp","isPartOf":{"@id":"https:\/\/inducomp.pl\/#website"},"datePublished":"2019-02-14T13:57:52+00:00","dateModified":"2025-05-23T09:23:52+00:00","breadcrumb":{"@id":"https:\/\/inducomp.pl\/de\/unternehmen\/#breadcrumb"},"inLanguage":"de-DE","potentialAction":[{"@type":"ReadAction","target":["https:\/\/inducomp.pl\/de\/unternehmen\/"]}]},{"@type":"BreadcrumbList","@id":"https:\/\/inducomp.pl\/de\/unternehmen\/#breadcrumb","itemListElement":[{"@type":"ListItem","position":1,"name":"Strona g\u0142\u00f3wna","item":"https:\/\/inducomp.pl\/de\/"},{"@type":"ListItem","position":2,"name":"Unternehmen"}]}]}},"_links":{"self":[{"href":"https:\/\/inducomp.pl\/de\/wp-json\/wp\/v2\/pages\/1245"}],"collection":[{"href":"https:\/\/inducomp.pl\/de\/wp-json\/wp\/v2\/pages"}],"about":[{"href":"https:\/\/inducomp.pl\/de\/wp-json\/wp\/v2\/types\/page"}],"author":[{"embeddable":true,"href":"https:\/\/inducomp.pl\/de\/wp-json\/wp\/v2\/users\/1"}],"replies":[{"embeddable":true,"href":"https:\/\/inducomp.pl\/de\/wp-json\/wp\/v2\/comments?post=1245"}],"version-history":[{"count":36,"href":"https:\/\/inducomp.pl\/de\/wp-json\/wp\/v2\/pages\/1245\/revisions"}],"predecessor-version":[{"id":3060,"href":"https:\/\/inducomp.pl\/de\/wp-json\/wp\/v2\/pages\/1245\/revisions\/3060"}],"wp:attachment":[{"href":"https:\/\/inducomp.pl\/de\/wp-json\/wp\/v2\/media?parent=1245"}],"curies":[{"name":"wp","href":"https:\/\/api.w.org\/{rel}","templated":true}]}}